{"id":1217,"date":"2018-11-13T18:55:47","date_gmt":"2018-11-13T18:55:47","guid":{"rendered":"https:\/\/nasoshotel.com\/terms-conditions\/"},"modified":"2026-04-23T09:25:42","modified_gmt":"2026-04-23T09:25:42","slug":"terms-conditions","status":"publish","type":"page","link":"https:\/\/nasoshotel.com\/de\/terms-conditions\/","title":{"rendered":"Terms &#038; Conditions"},"content":{"rendered":"<p>Ab dem 1. Januar 2018 M\u00dcSSEN Sie N\u00e4chtigungstaxe zahlen, die vom griechischen Ministerium f\u00fcr Finanzen festgelegt wurden und beabsichtigen, die staatlichen Einnahmen im Rahmen des laufenden Strukturanpassungsprogrammes zu verbessern.<\/p>\n<p>Die N\u00e4chtigungstaxe werden beim Check-in in unserem Hotel erhoben.<\/p>\n<p>&nbsp;<\/p>\n<p>Check-in: 13:00<\/p>\n<p>Check-out: 11:00<\/p>\n","protected":false},"excerpt":{"rendered":"<p>Ab dem 1. Januar 2018 M\u00dcSSEN Sie N\u00e4chtigungstaxe zahlen, die vom griechischen Ministerium f\u00fcr Finanzen festgelegt wurden und beabsichtigen, die staatlichen Einnahmen im Rahmen des laufenden Strukturanpassungsprogrammes zu verbessern. Die N\u00e4chtigungstaxe werden beim Check-in in unserem Hotel erhoben. &nbsp; Check-in: 13:00 Check-out: 11:00<\/p>\n","protected":false},"author":1,"featured_media":0,"parent":0,"menu_order":0,"comment_status":"closed","ping_status":"closed","template":"privacy-template.php","meta":{"_acf_changed":false,"footnotes":""},"class_list":["post-1217","page","type-page","status-publish","hentry"],"acf":[],"_links":{"self":[{"href":"https:\/\/nasoshotel.com\/de\/wp-json\/wp\/v2\/pages\/1217"}],"collection":[{"href":"https:\/\/nasoshotel.com\/de\/wp-json\/wp\/v2\/pages"}],"about":[{"href":"https:\/\/nasoshotel.com\/de\/wp-json\/wp\/v2\/types\/page"}],"author":[{"embeddable":true,"href":"https:\/\/nasoshotel.com\/de\/wp-json\/wp\/v2\/users\/1"}],"replies":[{"embeddable":true,"href":"https:\/\/nasoshotel.com\/de\/wp-json\/wp\/v2\/comments?post=1217"}],"version-history":[{"count":1,"href":"https:\/\/nasoshotel.com\/de\/wp-json\/wp\/v2\/pages\/1217\/revisions"}],"predecessor-version":[{"id":1408,"href":"https:\/\/nasoshotel.com\/de\/wp-json\/wp\/v2\/pages\/1217\/revisions\/1408"}],"wp:attachment":[{"href":"https:\/\/nasoshotel.com\/de\/wp-json\/wp\/v2\/media?parent=1217"}],"curies":[{"name":"wp","href":"https:\/\/api.w.org\/{rel}","templated":true}]}}