{"id":1225,"date":"2020-05-14T06:18:20","date_gmt":"2020-05-14T06:18:20","guid":{"rendered":"https:\/\/nasoshotel.com\/coronavirus-protection-policy\/"},"modified":"2026-04-23T09:26:02","modified_gmt":"2026-04-23T09:26:02","slug":"coronavirus-protection-policy","status":"publish","type":"page","link":"https:\/\/nasoshotel.com\/de\/coronavirus-protection-policy\/","title":{"rendered":"Virus Protection Policy"},"content":{"rendered":"<h2>Coronavirus (COVID-19)-Krankheitsausbruch<\/h2>\n<p>&nbsp;<\/p>\n<p>Wir werden weiterhin die neuesten Ratschl\u00e4ge und Empfehlungen der griechischen Regierung und der \u00f6rtlichen Beh\u00f6rden in den L\u00e4ndern, in denen wir t\u00e4tig sind, folgen. Unser Team ist gut vorbereitet und bekennt sich explizit zu der Sauberkeit unseres Hotels. Nasos Hotel &amp; Resort freut sich darauf die G\u00e4ste in unserem Hotel in Moraitika, Korfu in der nahen Zukunft begr\u00fc\u00dfen zu k\u00f6nnen.<\/p>\n<p>&nbsp;<\/p>\n<h3>Sicherstellung der Sicherheit unserer G\u00e4ste<\/h3>\n<ul>\n<li>Wir folgen den Leitlinien und Empfehlungen der lokalen Beh\u00f6rden<\/li>\n<li>Alle Hotels auf Korfu wurden Informationen \u00fcber COVID-19 und Verwaltungsanweisungen zur Verf\u00fcgung gestellt.<\/li>\n<li>St\u00e4rkere Beachtung der Handhygiene in unserem Hotel<\/li>\n<li>Strikte Reinigungs- und Hygieneprotokolle<\/li>\n<li>Regul\u00e4re Desinfektion von freiliegenden Oberfl\u00e4chen wie T\u00fcrgriffe, Kartenleseger\u00e4ten und Aufzugstasten mit antibakteriellen Fl\u00fcssigkeiten<\/li>\n<li>Desinfektionsmittelspender in den \u00f6ffentlichen Bereichen f\u00fcr unsere G\u00e4ste<\/li>\n<li>Einhaltung der Verfahren in Bezug zum Umgang mit kranken Kollegen<\/li>\n<\/ul>\n<h3>COVID-19-Verbeugungsma\u00dfnahmen<\/h3>\n<p>Sch\u00fctzen Sie sich und die Menschen Ihrer Umgebung indem Sie die Fakten kennen und geeignete Ma\u00dfnahmen ergreifen. Folgen Sie den Rat Ihrer lokalen \u00f6ffentlichen Gesundheitsbeh\u00f6rden.<\/p>\n<p>&nbsp;<\/p>\n<ul>\n<li>Reinigen Sie Ihre H\u00e4nde regelm\u00e4\u00dfig. Verwenden Sie Wasser und Seife oder einen alkohol-basiertes H\u00e4ndedisinfektionsmittel.<\/li>\n<li>Halten Sie einen Sicherheitsabstand von allen Personen, die niesen oder husten.<\/li>\n<li>Vermeiden Sie das Ber\u00fchren von Augen, Nase und Mund.<\/li>\n<li>Bedecken Sie beim Husten oder Niesen Mund und Nase mit gebeugtem Ellbogen oder Taschentuch.<\/li>\n<li>Bei Unwohlsein bleiben Sie zu Hause..<\/li>\n<li>Wenn Sie Fieber, Husten und Atembeschwerden haben, suchen Sie medizinische Hilfe auf, indem Sie zuerst Ihren behandelnden Arzt anrufen.<\/li>\n<li>Befolgen Sie die Anweisungen Ihrer \u00f6rtlichen Gesundheitsbeh\u00f6rde.<\/li>\n<\/ul>\n<p>&nbsp;<\/p>\n<p>Das Vermeiden von unn\u00f6tigen Besuchen von medizinischen Einrichtungen erlaubt den Gesundheitssysteme effektiver zu arbeiten und somit Sie und andere zu sch\u00fctzen.<br \/>\nUnsere Stornobedingungen<\/p>\n<p>&nbsp;<\/p>\n<p>Wir aktualisieren st\u00e4ndig unsere globale Stornierungsbedingungen um den neuesten Entwicklungen in Bezug auf COVID-19 und allen offiziellen Reise- oder Tagungsbeschr\u00e4nkungen, Aufh\u00e4ngungen, Quarant\u00e4nen oder Lock-down-Ma\u00dfnahmen, die von den Regierungen weltweit angek\u00fcndigten werden, Ma\u00dfnahmen zu ber\u00fccksichtigen. Unser Ziel ist es, so viel Flexibilit\u00e4t und Planungskomfort wie m\u00f6glich zu bieten.<\/p>\n<h3>Coronavirus-Informationen &amp; -Ressourcen<\/h3>\n<p>F\u00fcr aktuelle Informationen und weitere Details verweisen wir auf die folgenden n\u00fctzlichen Links, bez\u00fcglich der Coronavirus-Situation.<\/p>\n<ul>\n<li><a href=\"https:\/\/www.who.int\/westernpacific\/emergencies\/covid-19\" target=\"_blank\" rel=\"noopener noreferrer\">www.who.int<\/a><\/li>\n<li><a href=\"https:\/\/ec.europa.eu\/competition\/state_aid\/what_is_new\/covid_19.html\" target=\"_blank\" rel=\"noopener noreferrer\">ec.europa.eu<\/a><\/li>\n<li><a href=\"https:\/\/eody.gov.gr\/neos-koronaios-covid-19\/\" target=\"_blank\" rel=\"noopener\">eody.gov.gr<\/a><\/li>\n<li><a href=\"https:\/\/www.moh.gov.gr\/articles\/health\/dieythynsh-dhmosias-ygieinhs\/metadotika-kai-mh-metadotika-noshmata\/c388-egkyklioi\/6652-odhgies-prostasias-apo-anapneystikh-loimwksh-apo-to-neo-koronaio\" target=\"_blank\" rel=\"noopener noreferrer\">www.moh.gov.gr<\/a><\/li>\n<li><a href=\"https:\/\/eody.gov.gr\/odigies-gia-xenodocheio-se-karantina\/\" target=\"_blank\" rel=\"noopener noreferrer\">eody.gov.gr<\/a><\/li>\n<li><a href=\"https:\/\/eody.gov.gr\/taxidi-kai-covid-19\/\" target=\"_blank\" rel=\"noopener noreferrer\">eody.gov.gr<\/a><\/li>\n<\/ul>\n<p>&nbsp;<\/p>\n<p>Wir \u00fcberwachen die Lage um Ihnen die richtige Unterst\u00fctzung f\u00fcr zuk\u00fcnftige Reisepl\u00e4ne zu und wir halten Sie auf dem Laufenden, wenn sich etwas \u00e4ndert.<\/p>\n<p>Die Wiederer\u00f6ffnung von Nasos Hotel &amp; Resort in Moraitika, Korfu ist f\u00fcr den 1. Mai geplant.<\/p>\n<p>Vielen Dank f\u00fcr Ihr Vertrauen und wir werden uns freuen, Sie wieder begr\u00fc\u00dfen zu d\u00fcrfen. Bis dahin, PASSEN SIE AUF SICH AUF.<\/p>\n<p>&nbsp;<\/p>\n<p>&nbsp;<\/p>\n","protected":false},"excerpt":{"rendered":"<p>Coronavirus (COVID-19)-Krankheitsausbruch &nbsp; Wir werden weiterhin die neuesten Ratschl\u00e4ge und Empfehlungen der griechischen Regierung und der \u00f6rtlichen Beh\u00f6rden in den L\u00e4ndern, in denen wir t\u00e4tig sind, folgen. Unser Team ist gut vorbereitet und bekennt sich explizit zu der Sauberkeit unseres Hotels. Nasos Hotel &amp; Resort freut sich darauf die G\u00e4ste in unserem Hotel in Moraitika, [&hellip;]<\/p>\n","protected":false},"author":1,"featured_media":0,"parent":0,"menu_order":0,"comment_status":"closed","ping_status":"closed","template":"privacy-template.php","meta":{"_acf_changed":false,"footnotes":""},"class_list":["post-1225","page","type-page","status-publish","hentry"],"acf":[],"_links":{"self":[{"href":"https:\/\/nasoshotel.com\/de\/wp-json\/wp\/v2\/pages\/1225"}],"collection":[{"href":"https:\/\/nasoshotel.com\/de\/wp-json\/wp\/v2\/pages"}],"about":[{"href":"https:\/\/nasoshotel.com\/de\/wp-json\/wp\/v2\/types\/page"}],"author":[{"embeddable":true,"href":"https:\/\/nasoshotel.com\/de\/wp-json\/wp\/v2\/users\/1"}],"replies":[{"embeddable":true,"href":"https:\/\/nasoshotel.com\/de\/wp-json\/wp\/v2\/comments?post=1225"}],"version-history":[{"count":4,"href":"https:\/\/nasoshotel.com\/de\/wp-json\/wp\/v2\/pages\/1225\/revisions"}],"predecessor-version":[{"id":1522,"href":"https:\/\/nasoshotel.com\/de\/wp-json\/wp\/v2\/pages\/1225\/revisions\/1522"}],"wp:attachment":[{"href":"https:\/\/nasoshotel.com\/de\/wp-json\/wp\/v2\/media?parent=1225"}],"curies":[{"name":"wp","href":"https:\/\/api.w.org\/{rel}","templated":true}]}}